{"id":7094,"date":"2025-11-24T11:58:11","date_gmt":"2025-11-24T11:58:11","guid":{"rendered":"https:\/\/salusbee.pt\/product\/broncophyton\/"},"modified":"2025-11-27T12:05:54","modified_gmt":"2025-11-27T12:05:54","slug":"broncophyton","status":"publish","type":"product","link":"https:\/\/salusbee.pt\/en\/product\/broncophyton\/","title":{"rendered":"BRONCOPHYTON SYRUP"},"content":{"rendered":"<p>BroncoPhyton by Salus Bee is a food supplement in syrup form, produced in Portugal, that combines ingredients of natural origin traditionally used to promote respiratory well-being. Its formula brings together fluid extracts and HGLE (high-glycemic extracts) of Eucalyptus, Pine, and Thyme, plants recognized for their soothing effect on the respiratory tract and for providing a feeling of relief in the chest and throat.<\/p>\n<p>With a complete and balanced composition, BroncoPhyton is a natural option for periods of increased respiratory sensitivity, seasonal changes, or throat discomfort. Suitable for young people from 10 years old and adults, it is ideal for those seeking effective, safe support based on ingredients recognized by tradition and science.<\/p>\n<p><strong>MAIN BENEFITS OF BRONCOPHYTON:<\/strong><\/p>\n<ul>\n<li>Soothes an irritated throat;<\/li>\n<li>Helps facilitate breathing;<\/li>\n<li>Supports the immune system;<\/li>\n<li>Aids in the body&#8217;s natural protection;<\/li>\n<li>Expectorant and natural decongestant action;<\/li>\n<li>Respiratory comfort during sensitive periods;<\/li>\n<\/ul>\n<p><strong>MAIN INGREDIENTS:<\/strong><\/p>\n<p>Eucalyptus Fluid Extract, Pine Shoot Fluid Extract, Thyme Aerial Parts Fluid Extract, N-Acetyl-cysteine, Vitamin C, Propolis Extract.<\/p>\n<p><strong>DOSAGE, METHOD AND ROUTE OF ADMINISTRATION:\u00a0<\/strong><\/p>\n<p>Oral administration: 10 ml before or after breakfast and 10 ml before or after dinner, either undiluted or diluted in water.<\/p>\n<p><strong>NUTRITIONAL INFORMATION:<\/strong><\/p>\n<p><strong>This product should not be consumed by children under 12 months of age.<\/strong><br \/>\n<strong>Food supplements should not be used as a substitute for a varied and balanced diet and a healthy lifestyle. Keep out of reach of children. Store in a cool, dry place. Due to the natural characteristics of the plants, a slight deposit may form at the bottom of the packaging.<\/strong><\/p>\n","protected":false},"excerpt":{"rendered":"<p>BroncoPhyton is a natural syrup formulated with eucalyptus, pine, and thyme extracts, enriched with honey, menthol, vitamin C, propolis, and copper. A combination traditionally used to support throat comfort, breathing, and the normal functioning of the immune system.<\/p>\n","protected":false},"featured_media":7084,"comment_status":"open","ping_status":"closed","template":"","meta":{"inline_featured_image":false,"iawp_total_views":14},"product_brand":[],"product_cat":[171],"product_tag":[],"class_list":{"0":"post-7094","1":"product","2":"type-product","3":"status-publish","4":"has-post-thumbnail","6":"product_cat-food-supplement","8":"first","9":"instock","10":"taxable","11":"shipping-taxable","12":"purchasable","13":"product-type-simple"},"yoast_head":"<!-- This site is optimized with the Yoast SEO plugin v26.1.1 - https:\/\/yoast.com\/wordpress\/plugins\/seo\/ -->\n<title>BroncoPhyton | Salus Bee<\/title>\n<meta name=\"description\" content=\"BroncoPhyton \u00e9 um xarope natural formulado com extratos de eucalipto, pinheiro e tomilho, enriquecido com mel, mentol, vitamina C, pr\u00f3polis e cobre. Uma combina\u00e7\u00e3o tradicionalmente usada para apoiar o conforto da garganta, da respira\u00e7\u00e3o e o normal funcionamento do sistema imunit\u00e1rio.\" \/>\n<meta name=\"robots\" content=\"index, follow, max-snippet:-1, max-image-preview:large, max-video-preview:-1\" \/>\n<link rel=\"canonical\" href=\"https:\/\/salusbee.pt\/en\/product\/broncophyton\/\" \/>\n<meta property=\"og:locale\" content=\"en_US\" \/>\n<meta property=\"og:type\" content=\"article\" \/>\n<meta property=\"og:title\" content=\"BroncoPhyton | Salus Bee\" \/>\n<meta property=\"og:description\" content=\"BroncoPhyton \u00e9 um xarope natural formulado com extratos de eucalipto, pinheiro e tomilho, enriquecido com mel, mentol, vitamina C, pr\u00f3polis e cobre. Uma combina\u00e7\u00e3o tradicionalmente usada para apoiar o conforto da garganta, da respira\u00e7\u00e3o e o normal funcionamento do sistema imunit\u00e1rio.\" \/>\n<meta property=\"og:url\" content=\"https:\/\/salusbee.pt\/en\/product\/broncophyton\/\" \/>\n<meta property=\"og:site_name\" content=\"Salus Bee\" \/>\n<meta property=\"article:modified_time\" content=\"2025-11-27T12:05:54+00:00\" \/>\n<meta property=\"og:image\" content=\"https:\/\/salusbee.pt\/wp-content\/uploads\/2025\/11\/Velas-de-Cera-de-Abelha-3.png\" \/>\n\t<meta property=\"og:image:width\" content=\"2000\" \/>\n\t<meta property=\"og:image:height\" content=\"2000\" \/>\n\t<meta property=\"og:image:type\" content=\"image\/png\" \/>\n<meta name=\"twitter:card\" content=\"summary_large_image\" \/>\n<meta name=\"twitter:label1\" content=\"Est. reading time\" \/>\n\t<meta name=\"twitter:data1\" content=\"2 minutes\" \/>\n<script type=\"application\/ld+json\" class=\"yoast-schema-graph\">{\"@context\":\"https:\/\/schema.org\",\"@graph\":[{\"@type\":\"WebPage\",\"@id\":\"https:\/\/salusbee.pt\/en\/product\/broncophyton\/\",\"url\":\"https:\/\/salusbee.pt\/en\/product\/broncophyton\/\",\"name\":\"BroncoPhyton | Salus Bee\",\"isPartOf\":{\"@id\":\"https:\/\/salusbee.pt\/#website\"},\"primaryImageOfPage\":{\"@id\":\"https:\/\/salusbee.pt\/en\/product\/broncophyton\/#primaryimage\"},\"image\":{\"@id\":\"https:\/\/salusbee.pt\/en\/product\/broncophyton\/#primaryimage\"},\"thumbnailUrl\":\"https:\/\/salusbee.pt\/wp-content\/uploads\/2025\/11\/Velas-de-Cera-de-Abelha-3.png\",\"datePublished\":\"2025-11-24T11:58:11+00:00\",\"dateModified\":\"2025-11-27T12:05:54+00:00\",\"description\":\"BroncoPhyton \u00e9 um xarope natural formulado com extratos de eucalipto, pinheiro e tomilho, enriquecido com mel, mentol, vitamina C, pr\u00f3polis e cobre. Uma combina\u00e7\u00e3o tradicionalmente usada para apoiar o conforto da garganta, da respira\u00e7\u00e3o e o normal funcionamento do sistema imunit\u00e1rio.\",\"breadcrumb\":{\"@id\":\"https:\/\/salusbee.pt\/en\/product\/broncophyton\/#breadcrumb\"},\"inLanguage\":\"en-US\",\"potentialAction\":[{\"@type\":\"ReadAction\",\"target\":[\"https:\/\/salusbee.pt\/en\/product\/broncophyton\/\"]}]},{\"@type\":\"ImageObject\",\"inLanguage\":\"en-US\",\"@id\":\"https:\/\/salusbee.pt\/en\/product\/broncophyton\/#primaryimage\",\"url\":\"https:\/\/salusbee.pt\/wp-content\/uploads\/2025\/11\/Velas-de-Cera-de-Abelha-3.png\",\"contentUrl\":\"https:\/\/salusbee.pt\/wp-content\/uploads\/2025\/11\/Velas-de-Cera-de-Abelha-3.png\",\"width\":2000,\"height\":2000},{\"@type\":\"BreadcrumbList\",\"@id\":\"https:\/\/salusbee.pt\/en\/product\/broncophyton\/#breadcrumb\",\"itemListElement\":[{\"@type\":\"ListItem\",\"position\":1,\"name\":\"In\u00edcio\",\"item\":\"https:\/\/salusbee.pt\/\"},{\"@type\":\"ListItem\",\"position\":2,\"name\":\"Shop\",\"item\":\"https:\/\/salusbee.pt\/en\/shop\/\"},{\"@type\":\"ListItem\",\"position\":3,\"name\":\"BRONCOPHYTON SYRUP\"}]},{\"@type\":\"WebSite\",\"@id\":\"https:\/\/salusbee.pt\/#website\",\"url\":\"https:\/\/salusbee.pt\/\",\"name\":\"Salus Bee\",\"description\":\"Produtos da Colmeia\",\"potentialAction\":[{\"@type\":\"SearchAction\",\"target\":{\"@type\":\"EntryPoint\",\"urlTemplate\":\"https:\/\/salusbee.pt\/?s={search_term_string}\"},\"query-input\":{\"@type\":\"PropertyValueSpecification\",\"valueRequired\":true,\"valueName\":\"search_term_string\"}}],\"inLanguage\":\"en-US\"}]}<\/script>\n<!-- \/ Yoast SEO plugin. -->","yoast_head_json":{"title":"BroncoPhyton | Salus Bee","description":"BroncoPhyton \u00e9 um xarope natural formulado com extratos de eucalipto, pinheiro e tomilho, enriquecido com mel, mentol, vitamina C, pr\u00f3polis e cobre. Uma combina\u00e7\u00e3o tradicionalmente usada para apoiar o conforto da garganta, da respira\u00e7\u00e3o e o normal funcionamento do sistema imunit\u00e1rio.","robots":{"index":"index","follow":"follow","max-snippet":"max-snippet:-1","max-image-preview":"max-image-preview:large","max-video-preview":"max-video-preview:-1"},"canonical":"https:\/\/salusbee.pt\/en\/product\/broncophyton\/","og_locale":"en_US","og_type":"article","og_title":"BroncoPhyton | Salus Bee","og_description":"BroncoPhyton \u00e9 um xarope natural formulado com extratos de eucalipto, pinheiro e tomilho, enriquecido com mel, mentol, vitamina C, pr\u00f3polis e cobre. Uma combina\u00e7\u00e3o tradicionalmente usada para apoiar o conforto da garganta, da respira\u00e7\u00e3o e o normal funcionamento do sistema imunit\u00e1rio.","og_url":"https:\/\/salusbee.pt\/en\/product\/broncophyton\/","og_site_name":"Salus Bee","article_modified_time":"2025-11-27T12:05:54+00:00","og_image":[{"width":2000,"height":2000,"url":"https:\/\/salusbee.pt\/wp-content\/uploads\/2025\/11\/Velas-de-Cera-de-Abelha-3.png","type":"image\/png"}],"twitter_card":"summary_large_image","twitter_misc":{"Est. reading time":"2 minutes"},"schema":{"@context":"https:\/\/schema.org","@graph":[{"@type":"WebPage","@id":"https:\/\/salusbee.pt\/en\/product\/broncophyton\/","url":"https:\/\/salusbee.pt\/en\/product\/broncophyton\/","name":"BroncoPhyton | Salus Bee","isPartOf":{"@id":"https:\/\/salusbee.pt\/#website"},"primaryImageOfPage":{"@id":"https:\/\/salusbee.pt\/en\/product\/broncophyton\/#primaryimage"},"image":{"@id":"https:\/\/salusbee.pt\/en\/product\/broncophyton\/#primaryimage"},"thumbnailUrl":"https:\/\/salusbee.pt\/wp-content\/uploads\/2025\/11\/Velas-de-Cera-de-Abelha-3.png","datePublished":"2025-11-24T11:58:11+00:00","dateModified":"2025-11-27T12:05:54+00:00","description":"BroncoPhyton \u00e9 um xarope natural formulado com extratos de eucalipto, pinheiro e tomilho, enriquecido com mel, mentol, vitamina C, pr\u00f3polis e cobre. Uma combina\u00e7\u00e3o tradicionalmente usada para apoiar o conforto da garganta, da respira\u00e7\u00e3o e o normal funcionamento do sistema imunit\u00e1rio.","breadcrumb":{"@id":"https:\/\/salusbee.pt\/en\/product\/broncophyton\/#breadcrumb"},"inLanguage":"en-US","potentialAction":[{"@type":"ReadAction","target":["https:\/\/salusbee.pt\/en\/product\/broncophyton\/"]}]},{"@type":"ImageObject","inLanguage":"en-US","@id":"https:\/\/salusbee.pt\/en\/product\/broncophyton\/#primaryimage","url":"https:\/\/salusbee.pt\/wp-content\/uploads\/2025\/11\/Velas-de-Cera-de-Abelha-3.png","contentUrl":"https:\/\/salusbee.pt\/wp-content\/uploads\/2025\/11\/Velas-de-Cera-de-Abelha-3.png","width":2000,"height":2000},{"@type":"BreadcrumbList","@id":"https:\/\/salusbee.pt\/en\/product\/broncophyton\/#breadcrumb","itemListElement":[{"@type":"ListItem","position":1,"name":"In\u00edcio","item":"https:\/\/salusbee.pt\/"},{"@type":"ListItem","position":2,"name":"Shop","item":"https:\/\/salusbee.pt\/en\/shop\/"},{"@type":"ListItem","position":3,"name":"BRONCOPHYTON SYRUP"}]},{"@type":"WebSite","@id":"https:\/\/salusbee.pt\/#website","url":"https:\/\/salusbee.pt\/","name":"Salus Bee","description":"Produtos da Colmeia","potentialAction":[{"@type":"SearchAction","target":{"@type":"EntryPoint","urlTemplate":"https:\/\/salusbee.pt\/?s={search_term_string}"},"query-input":{"@type":"PropertyValueSpecification","valueRequired":true,"valueName":"search_term_string"}}],"inLanguage":"en-US"}]}},"_links":{"self":[{"href":"https:\/\/salusbee.pt\/en\/wp-json\/wp\/v2\/product\/7094","targetHints":{"allow":["GET"]}}],"collection":[{"href":"https:\/\/salusbee.pt\/en\/wp-json\/wp\/v2\/product"}],"about":[{"href":"https:\/\/salusbee.pt\/en\/wp-json\/wp\/v2\/types\/product"}],"replies":[{"embeddable":true,"href":"https:\/\/salusbee.pt\/en\/wp-json\/wp\/v2\/comments?post=7094"}],"version-history":[{"count":4,"href":"https:\/\/salusbee.pt\/en\/wp-json\/wp\/v2\/product\/7094\/revisions"}],"predecessor-version":[{"id":7187,"href":"https:\/\/salusbee.pt\/en\/wp-json\/wp\/v2\/product\/7094\/revisions\/7187"}],"wp:featuredmedia":[{"embeddable":true,"href":"https:\/\/salusbee.pt\/en\/wp-json\/wp\/v2\/media\/7084"}],"wp:attachment":[{"href":"https:\/\/salusbee.pt\/en\/wp-json\/wp\/v2\/media?parent=7094"}],"wp:term":[{"taxonomy":"product_brand","embeddable":true,"href":"https:\/\/salusbee.pt\/en\/wp-json\/wp\/v2\/product_brand?post=7094"},{"taxonomy":"product_cat","embeddable":true,"href":"https:\/\/salusbee.pt\/en\/wp-json\/wp\/v2\/product_cat?post=7094"},{"taxonomy":"product_tag","embeddable":true,"href":"https:\/\/salusbee.pt\/en\/wp-json\/wp\/v2\/product_tag?post=7094"}],"curies":[{"name":"wp","href":"https:\/\/api.w.org\/{rel}","templated":true}]}}